{"id":143,"date":"2015-11-09T17:55:44","date_gmt":"2015-11-09T16:55:44","guid":{"rendered":"http:\/\/lnx.vinigo.com\/?page_id=143"},"modified":"2016-05-06T00:00:33","modified_gmt":"2016-05-05T22:00:33","slug":"contattaci","status":"publish","type":"page","link":"https:\/\/www.vinigo.com\/en\/contact-us\/","title":{"rendered":"Contact us"},"content":{"rendered":"\n<div class=\"wpcf7 no-js\" id=\"wpcf7-f2078-o1\" lang=\"it-IT\" dir=\"ltr\">\n<div class=\"screen-reader-response\"><p role=\"status\" aria-live=\"polite\" aria-atomic=\"true\"><\/p> <ul><\/ul><\/div>\n<form action=\"\/en\/wp-json\/wp\/v2\/pages\/143#wpcf7-f2078-o1\" method=\"post\" class=\"wpcf7-form init\" aria-label=\"Modulo di contatto\" novalidate=\"novalidate\" data-status=\"init\">\n<div style=\"display: none;\">\n<input type=\"hidden\" name=\"_wpcf7\" value=\"2078\" \/>\n<input type=\"hidden\" name=\"_wpcf7_version\" value=\"5.7.6\" \/>\n<input type=\"hidden\" name=\"_wpcf7_locale\" value=\"it_IT\" \/>\n<input type=\"hidden\" name=\"_wpcf7_unit_tag\" value=\"wpcf7-f2078-o1\" \/>\n<input type=\"hidden\" name=\"_wpcf7_container_post\" value=\"0\" \/>\n<input type=\"hidden\" name=\"_wpcf7_posted_data_hash\" value=\"\" \/>\n<input type=\"hidden\" name=\"_wpcf7_recaptcha_response\" value=\"\" \/>\n<\/div>\n<p>Il tuo nome|Name|Name (richiesto|required|erforderlich)\n<\/p>\n<p><span class=\"wpcf7-form-control-wrap\" data-name=\"your-name\"><input size=\"40\" class=\"wpcf7-form-control wpcf7-text wpcf7-validates-as-required\" aria-required=\"true\" aria-invalid=\"false\" value=\"\" type=\"text\" name=\"your-name\" \/><\/span>\n<\/p>\n<p>La tua email|Email|Email (richiesto|required|erforderlich)\n<\/p>\n<p><span class=\"wpcf7-form-control-wrap\" data-name=\"your-email\"><input size=\"40\" class=\"wpcf7-form-control wpcf7-text wpcf7-email wpcf7-validates-as-required wpcf7-validates-as-email\" aria-required=\"true\" aria-invalid=\"false\" value=\"\" type=\"email\" name=\"your-email\" \/><\/span>\n<\/p>\n<p>Oggetto|Subject|Thema\n<\/p>\n<p><span class=\"wpcf7-form-control-wrap\" data-name=\"your-subject\"><input size=\"40\" class=\"wpcf7-form-control wpcf7-text\" aria-invalid=\"false\" value=\"\" type=\"text\" name=\"your-subject\" \/><\/span>\n<\/p>\n<p>Il tuo messaggio|Your Message|Nachricht\n<\/p>\n<p><span class=\"wpcf7-form-control-wrap\" data-name=\"your-message\"><textarea cols=\"40\" rows=\"10\" class=\"wpcf7-form-control wpcf7-textarea\" aria-invalid=\"false\" name=\"your-message\"><\/textarea><\/span>\n<\/p>\n<p><span class=\"wpcf7-form-control-wrap\" data-name=\"acceptance-965\"><span class=\"wpcf7-form-control wpcf7-acceptance\"><span class=\"wpcf7-list-item\"><input type=\"checkbox\" name=\"acceptance-965\" value=\"1\" aria-invalid=\"false\" \/><\/span><\/span><\/span> (Selezione obbligatoria) Accetto che i miei dati vengano inviati a Vinigo.com che non li ceder\u00e0 a terzi e li utilizzer\u00e0 solo ed esclusivamente per le finalit\u00e0 richieste in base alla legge sulla privacy GDPR recepita dall'Italia con decreto legislativo 101 del 10\/08\/18 ed (UE) 2016\/679<br \/>\n(Mandatory selection) I accept that my data will be sent to Vinigo.com which will not transfer it to third parties and will use it exclusively for the purposes required under the GDPR privacy law implemented by Italy with Legislative Decree 101 of 10\/08 \/ 18 and (EU) 2016\/679<br \/>\n(Obligatorische Auswahl) Ich akzeptiere, dass meine Daten an Vinigo.com gesendet werden, die sie nicht an Dritte weiterleiten und ausschlie\u00dflich f\u00fcr die Zwecke verwenden, die gem\u00e4\u00df dem Datenschutzgesetz der Datenschutzbeh\u00f6rde von Italien mit Gesetzesdekret 101 vom 10.08 \/ 18 und (EU) 2016\/679\n<\/p>\n\n<p><input class=\"wpcf7-form-control has-spinner wpcf7-submit\" type=\"submit\" value=\"Invia\" \/>\n<\/p><div class=\"wpcf7-response-output\" aria-hidden=\"true\"><\/div>\n<\/form>\n<\/div>\n\n","protected":false},"excerpt":{"rendered":"","protected":false},"author":1,"featured_media":0,"parent":0,"menu_order":0,"comment_status":"closed","ping_status":"closed","template":"","meta":{"ngg_post_thumbnail":0},"_links":{"self":[{"href":"https:\/\/www.vinigo.com\/en\/wp-json\/wp\/v2\/pages\/143"}],"collection":[{"href":"https:\/\/www.vinigo.com\/en\/wp-json\/wp\/v2\/pages"}],"about":[{"href":"https:\/\/www.vinigo.com\/en\/wp-json\/wp\/v2\/types\/page"}],"author":[{"embeddable":true,"href":"https:\/\/www.vinigo.com\/en\/wp-json\/wp\/v2\/users\/1"}],"replies":[{"embeddable":true,"href":"https:\/\/www.vinigo.com\/en\/wp-json\/wp\/v2\/comments?post=143"}],"version-history":[{"count":6,"href":"https:\/\/www.vinigo.com\/en\/wp-json\/wp\/v2\/pages\/143\/revisions"}],"predecessor-version":[{"id":2079,"href":"https:\/\/www.vinigo.com\/en\/wp-json\/wp\/v2\/pages\/143\/revisions\/2079"}],"wp:attachment":[{"href":"https:\/\/www.vinigo.com\/en\/wp-json\/wp\/v2\/media?parent=143"}],"curies":[{"name":"wp","href":"https:\/\/api.w.org\/{rel}","templated":true}]}}